{"id":2072,"date":"2024-06-29T00:41:59","date_gmt":"2024-06-29T03:41:59","guid":{"rendered":"https:\/\/sindetranpr.org.br\/?page_id=2072"},"modified":"2024-07-04T23:24:32","modified_gmt":"2024-07-05T02:24:32","slug":"noticias","status":"publish","type":"page","link":"https:\/\/sindetranpr.org.br\/?page_id=2072","title":{"rendered":"Not\u00edcias"},"content":{"rendered":"\t\t<div data-elementor-type=\"wp-page\" data-elementor-id=\"2072\" class=\"elementor elementor-2072\" data-elementor-post-type=\"page\">\n\t\t\t\t<div class=\"elementor-element elementor-element-3d5b10f e-flex e-con-boxed e-con e-parent\" data-id=\"3d5b10f\" data-element_type=\"container\">\n\t\t\t\t\t<div class=\"e-con-inner\">\n\t\t\t\t<div class=\"elementor-element elementor-element-8744c4d elementor-widget elementor-widget-heading\" data-id=\"8744c4d\" data-element_type=\"widget\" data-widget_type=\"heading.default\">\n\t\t\t\t<div class=\"elementor-widget-container\">\n\t\t\t<style>\/*! elementor - v3.22.0 - 26-06-2024 *\/\n.elementor-heading-title{padding:0;margin:0;line-height:1}.elementor-widget-heading .elementor-heading-title[class*=elementor-size-]>a{color:inherit;font-size:inherit;line-height:inherit}.elementor-widget-heading .elementor-heading-title.elementor-size-small{font-size:15px}.elementor-widget-heading .elementor-heading-title.elementor-size-medium{font-size:19px}.elementor-widget-heading .elementor-heading-title.elementor-size-large{font-size:29px}.elementor-widget-heading .elementor-heading-title.elementor-size-xl{font-size:39px}.elementor-widget-heading .elementor-heading-title.elementor-size-xxl{font-size:59px}<\/style><h1 class=\"elementor-heading-title elementor-size-default\">\u00daltimas Not\u00edcias<\/h1>\t\t<\/div>\n\t\t\t\t<\/div>\n\t\t\t\t\t<\/div>\n\t\t\t\t<\/div>\n\t\t<div class=\"elementor-element elementor-element-ce1951c e-flex e-con-boxed e-con e-parent\" data-id=\"ce1951c\" data-element_type=\"container\">\n\t\t\t\t\t<div class=\"e-con-inner\">\n\t\t\t\t<div class=\"elementor-element elementor-element-39d31fb elementor-posts--align-center elementor-grid-3 elementor-grid-tablet-2 elementor-grid-mobile-1 elementor-posts--thumbnail-top elementor-widget elementor-widget-posts\" data-id=\"39d31fb\" data-element_type=\"widget\" data-settings=\"{&quot;classic_columns&quot;:&quot;3&quot;,&quot;classic_columns_tablet&quot;:&quot;2&quot;,&quot;classic_columns_mobile&quot;:&quot;1&quot;,&quot;classic_row_gap&quot;:{&quot;unit&quot;:&quot;px&quot;,&quot;size&quot;:35,&quot;sizes&quot;:[]},&quot;classic_row_gap_tablet&quot;:{&quot;unit&quot;:&quot;px&quot;,&quot;size&quot;:&quot;&quot;,&quot;sizes&quot;:[]},&quot;classic_row_gap_mobile&quot;:{&quot;unit&quot;:&quot;px&quot;,&quot;size&quot;:&quot;&quot;,&quot;sizes&quot;:[]}}\" data-widget_type=\"posts.classic\">\n\t\t\t\t<div class=\"elementor-widget-container\">\n\t\t\t<link rel=\"stylesheet\" href=\"https:\/\/sindetranpr.org.br\/wp-content\/plugins\/elementor-pro\/assets\/css\/widget-posts.min.css\">\t\t<div class=\"elementor-posts-container elementor-posts elementor-posts--skin-classic elementor-grid\">\n\t\t\t\t<article class=\"elementor-post elementor-grid-item post-2294 post type-post status-publish format-standard hentry category-blog\">\n\t\t\t\t<div class=\"elementor-post__text\">\n\t\t\t\t<h1 class=\"elementor-post__title\">\n\t\t\t<a href=\"https:\/\/sindetranpr.org.br\/?p=2294\" >\n\t\t\t\tRegimento Eleitoral &#8211; 2025\t\t\t<\/a>\n\t\t<\/h1>\n\t\t\t\t<div class=\"elementor-post__meta-data\">\n\t\t\t\t\t<span class=\"elementor-post-date\">\n\t\t\t12 de maio de 2025\t\t<\/span>\n\t\t\t\t<\/div>\n\t\t\n\t\t<a class=\"elementor-post__read-more\" href=\"https:\/\/sindetranpr.org.br\/?p=2294\" aria-label=\"Read more about Regimento Eleitoral &#8211; 2025\" tabindex=\"-1\" >\n\t\t\tLer Mais \u00bb\t\t<\/a>\n\n\t\t\t\t<\/div>\n\t\t\t\t<\/article>\n\t\t\t\t<article class=\"elementor-post elementor-grid-item post-2291 post type-post status-publish format-standard hentry category-blog\">\n\t\t\t\t<div class=\"elementor-post__text\">\n\t\t\t\t<h1 class=\"elementor-post__title\">\n\t\t\t<a href=\"https:\/\/sindetranpr.org.br\/?p=2291\" >\n\t\t\t\tComiss\u00e3o Eleitoral &#8211; 2025\t\t\t<\/a>\n\t\t<\/h1>\n\t\t\t\t<div class=\"elementor-post__meta-data\">\n\t\t\t\t\t<span class=\"elementor-post-date\">\n\t\t\t10 de maio de 2025\t\t<\/span>\n\t\t\t\t<\/div>\n\t\t\n\t\t<a class=\"elementor-post__read-more\" href=\"https:\/\/sindetranpr.org.br\/?p=2291\" aria-label=\"Read more about Comiss\u00e3o Eleitoral &#8211; 2025\" tabindex=\"-1\" >\n\t\t\tLer Mais \u00bb\t\t<\/a>\n\n\t\t\t\t<\/div>\n\t\t\t\t<\/article>\n\t\t\t\t<article class=\"elementor-post elementor-grid-item post-2288 post type-post status-publish format-standard hentry category-blog\">\n\t\t\t\t<div class=\"elementor-post__text\">\n\t\t\t\t<h1 class=\"elementor-post__title\">\n\t\t\t<a href=\"https:\/\/sindetranpr.org.br\/?p=2288\" >\n\t\t\t\tRetifica\u00e7\u00e3o &#8211;  Edital de Convoca\u00e7\u00e3o &#8211; Elei\u00e7\u00e3o 2025\t\t\t<\/a>\n\t\t<\/h1>\n\t\t\t\t<div class=\"elementor-post__meta-data\">\n\t\t\t\t\t<span class=\"elementor-post-date\">\n\t\t\t10 de maio de 2025\t\t<\/span>\n\t\t\t\t<\/div>\n\t\t\n\t\t<a class=\"elementor-post__read-more\" href=\"https:\/\/sindetranpr.org.br\/?p=2288\" aria-label=\"Read more about Retifica\u00e7\u00e3o &#8211;  Edital de Convoca\u00e7\u00e3o &#8211; Elei\u00e7\u00e3o 2025\" tabindex=\"-1\" >\n\t\t\tLer Mais \u00bb\t\t<\/a>\n\n\t\t\t\t<\/div>\n\t\t\t\t<\/article>\n\t\t\t\t<article class=\"elementor-post elementor-grid-item post-2285 post type-post status-publish format-standard hentry category-blog\">\n\t\t\t\t<div class=\"elementor-post__text\">\n\t\t\t\t<h1 class=\"elementor-post__title\">\n\t\t\t<a href=\"https:\/\/sindetranpr.org.br\/?p=2285\" >\n\t\t\t\tEdital de Convoca\u00e7\u00e3o &#8211; Elei\u00e7\u00e3o 2025\t\t\t<\/a>\n\t\t<\/h1>\n\t\t\t\t<div class=\"elementor-post__meta-data\">\n\t\t\t\t\t<span class=\"elementor-post-date\">\n\t\t\t8 de maio de 2025\t\t<\/span>\n\t\t\t\t<\/div>\n\t\t\n\t\t<a class=\"elementor-post__read-more\" href=\"https:\/\/sindetranpr.org.br\/?p=2285\" aria-label=\"Read more about Edital de Convoca\u00e7\u00e3o &#8211; Elei\u00e7\u00e3o 2025\" tabindex=\"-1\" >\n\t\t\tLer Mais \u00bb\t\t<\/a>\n\n\t\t\t\t<\/div>\n\t\t\t\t<\/article>\n\t\t\t\t<article class=\"elementor-post elementor-grid-item post-2273 post type-post status-publish format-standard hentry category-blog\">\n\t\t\t\t<div class=\"elementor-post__text\">\n\t\t\t\t<h1 class=\"elementor-post__title\">\n\t\t\t<a href=\"https:\/\/sindetranpr.org.br\/?p=2273\" >\n\t\t\t\tInscri\u00e7\u00e3o para curso da JADE x SINDICATO\t\t\t<\/a>\n\t\t<\/h1>\n\t\t\t\t<div class=\"elementor-post__meta-data\">\n\t\t\t\t\t<span class=\"elementor-post-date\">\n\t\t\t23 de julho de 2024\t\t<\/span>\n\t\t\t\t<\/div>\n\t\t\n\t\t<a class=\"elementor-post__read-more\" href=\"https:\/\/sindetranpr.org.br\/?p=2273\" aria-label=\"Read more about Inscri\u00e7\u00e3o para curso da JADE x SINDICATO\" tabindex=\"-1\" >\n\t\t\tLer Mais \u00bb\t\t<\/a>\n\n\t\t\t\t<\/div>\n\t\t\t\t<\/article>\n\t\t\t\t<article class=\"elementor-post elementor-grid-item post-2227 post type-post status-publish format-standard has-post-thumbnail hentry category-blog tag-agente tag-fetran tag-luta tag-servidores tag-sindetran tag-sindetran-pr tag-sindicalismo tag-transito\">\n\t\t\t\t<a class=\"elementor-post__thumbnail__link\" href=\"https:\/\/sindetranpr.org.br\/?p=2227\" tabindex=\"-1\" >\n\t\t\t<div class=\"elementor-post__thumbnail\"><img fetchpriority=\"high\" decoding=\"async\" width=\"240\" height=\"300\" src=\"https:\/\/sindetranpr.org.br\/wp-content\/uploads\/2024\/07\/WhatsApp-Image-2024-07-01-at-14.49.06-240x300.jpeg\" class=\"attachment-medium size-medium wp-image-2228\" alt=\"A jornada dos servidores do Detran do Paran\u00e1 sempre foi marcada por desafios e pela constante busca por melhores condi\u00e7\u00f5es de trabalho. Um dos temas mais urgentes e fundamentais que temos enfrentado \u00e9 a implementa\u00e7\u00e3o do vale alimenta\u00e7\u00e3o, um benef\u00edcio essencial para garantir a dignidade e o bem-estar de todos os trabalhadores.\" srcset=\"https:\/\/sindetranpr.org.br\/wp-content\/uploads\/2024\/07\/WhatsApp-Image-2024-07-01-at-14.49.06-240x300.jpeg 240w, https:\/\/sindetranpr.org.br\/wp-content\/uploads\/2024\/07\/WhatsApp-Image-2024-07-01-at-14.49.06-819x1024.jpeg 819w, https:\/\/sindetranpr.org.br\/wp-content\/uploads\/2024\/07\/WhatsApp-Image-2024-07-01-at-14.49.06-768x960.jpeg 768w, https:\/\/sindetranpr.org.br\/wp-content\/uploads\/2024\/07\/WhatsApp-Image-2024-07-01-at-14.49.06.jpeg 1080w\" sizes=\"(max-width: 240px) 100vw, 240px\" \/><\/div>\n\t\t<\/a>\n\t\t\t\t<div class=\"elementor-post__text\">\n\t\t\t\t<h1 class=\"elementor-post__title\">\n\t\t\t<a href=\"https:\/\/sindetranpr.org.br\/?p=2227\" >\n\t\t\t\tA Luta pelo Vale Alimenta\u00e7\u00e3o: Uma Conquista Necess\u00e1ria!\t\t\t<\/a>\n\t\t<\/h1>\n\t\t\t\t<div class=\"elementor-post__meta-data\">\n\t\t\t\t\t<span class=\"elementor-post-date\">\n\t\t\t4 de julho de 2024\t\t<\/span>\n\t\t\t\t<\/div>\n\t\t\n\t\t<a class=\"elementor-post__read-more\" href=\"https:\/\/sindetranpr.org.br\/?p=2227\" aria-label=\"Read more about A Luta pelo Vale Alimenta\u00e7\u00e3o: Uma Conquista Necess\u00e1ria!\" tabindex=\"-1\" >\n\t\t\tLer Mais \u00bb\t\t<\/a>\n\n\t\t\t\t<\/div>\n\t\t\t\t<\/article>\n\t\t\t\t<article class=\"elementor-post elementor-grid-item post-2062 post type-post status-publish format-standard has-post-thumbnail hentry category-blog\">\n\t\t\t\t<a class=\"elementor-post__thumbnail__link\" href=\"https:\/\/sindetranpr.org.br\/?p=2062\" tabindex=\"-1\" >\n\t\t\t<div class=\"elementor-post__thumbnail\"><img decoding=\"async\" width=\"300\" height=\"112\" src=\"https:\/\/sindetranpr.org.br\/wp-content\/uploads\/2023\/06\/logo__sindetranpr-1-300x112.png\" class=\"attachment-medium size-medium wp-image-1522\" alt=\"\" \/><\/div>\n\t\t<\/a>\n\t\t\t\t<div class=\"elementor-post__text\">\n\t\t\t\t<h1 class=\"elementor-post__title\">\n\t\t\t<a href=\"https:\/\/sindetranpr.org.br\/?p=2062\" >\n\t\t\t\tNOTA \u00c0 IMPRENSA E \u00c0 POPULA\u00c7\u00c3O &#8211; SINDETRAN\/PR\t\t\t<\/a>\n\t\t<\/h1>\n\t\t\t\t<div class=\"elementor-post__meta-data\">\n\t\t\t\t\t<span class=\"elementor-post-date\">\n\t\t\t11 de junho de 2024\t\t<\/span>\n\t\t\t\t<\/div>\n\t\t\n\t\t<a class=\"elementor-post__read-more\" href=\"https:\/\/sindetranpr.org.br\/?p=2062\" aria-label=\"Read more about NOTA \u00c0 IMPRENSA E \u00c0 POPULA\u00c7\u00c3O &#8211; SINDETRAN\/PR\" tabindex=\"-1\" >\n\t\t\tLer Mais \u00bb\t\t<\/a>\n\n\t\t\t\t<\/div>\n\t\t\t\t<\/article>\n\t\t\t\t<article class=\"elementor-post elementor-grid-item post-2058 post type-post status-publish format-standard has-post-thumbnail hentry category-blog\">\n\t\t\t\t<a class=\"elementor-post__thumbnail__link\" href=\"https:\/\/sindetranpr.org.br\/?p=2058\" tabindex=\"-1\" >\n\t\t\t<div class=\"elementor-post__thumbnail\"><img decoding=\"async\" width=\"300\" height=\"110\" src=\"https:\/\/sindetranpr.org.br\/wp-content\/uploads\/2023\/06\/cropped-logo__sindetranpr-1-300x110.png\" class=\"attachment-medium size-medium wp-image-1556\" alt=\"\" srcset=\"https:\/\/sindetranpr.org.br\/wp-content\/uploads\/2023\/06\/cropped-logo__sindetranpr-1-300x110.png 300w, https:\/\/sindetranpr.org.br\/wp-content\/uploads\/2023\/06\/cropped-logo__sindetranpr-1-1024x375.png 1024w, https:\/\/sindetranpr.org.br\/wp-content\/uploads\/2023\/06\/cropped-logo__sindetranpr-1-768x281.png 768w, https:\/\/sindetranpr.org.br\/wp-content\/uploads\/2023\/06\/cropped-logo__sindetranpr-1-1536x562.png 1536w, https:\/\/sindetranpr.org.br\/wp-content\/uploads\/2023\/06\/cropped-logo__sindetranpr-1-120x44.png 120w, https:\/\/sindetranpr.org.br\/wp-content\/uploads\/2023\/06\/cropped-logo__sindetranpr-1.png 1621w\" sizes=\"(max-width: 300px) 100vw, 300px\" \/><\/div>\n\t\t<\/a>\n\t\t\t\t<div class=\"elementor-post__text\">\n\t\t\t\t<h1 class=\"elementor-post__title\">\n\t\t\t<a href=\"https:\/\/sindetranpr.org.br\/?p=2058\" >\n\t\t\t\tINFORMATIVO &#8211; SINDETRAN\/PR\t\t\t<\/a>\n\t\t<\/h1>\n\t\t\t\t<div class=\"elementor-post__meta-data\">\n\t\t\t\t\t<span class=\"elementor-post-date\">\n\t\t\t7 de junho de 2024\t\t<\/span>\n\t\t\t\t<\/div>\n\t\t\n\t\t<a class=\"elementor-post__read-more\" href=\"https:\/\/sindetranpr.org.br\/?p=2058\" aria-label=\"Read more about INFORMATIVO &#8211; SINDETRAN\/PR\" tabindex=\"-1\" >\n\t\t\tLer Mais \u00bb\t\t<\/a>\n\n\t\t\t\t<\/div>\n\t\t\t\t<\/article>\n\t\t\t\t<article class=\"elementor-post elementor-grid-item post-2053 post type-post status-publish format-standard has-post-thumbnail hentry category-blog\">\n\t\t\t\t<a class=\"elementor-post__thumbnail__link\" href=\"https:\/\/sindetranpr.org.br\/?p=2053\" tabindex=\"-1\" >\n\t\t\t<div class=\"elementor-post__thumbnail\"><img loading=\"lazy\" decoding=\"async\" width=\"300\" height=\"180\" src=\"https:\/\/sindetranpr.org.br\/wp-content\/uploads\/2024\/05\/Design-sem-nome.png\" class=\"attachment-medium size-medium wp-image-2057\" alt=\"\" \/><\/div>\n\t\t<\/a>\n\t\t\t\t<div class=\"elementor-post__text\">\n\t\t\t\t<h1 class=\"elementor-post__title\">\n\t\t\t<a href=\"https:\/\/sindetranpr.org.br\/?p=2053\" >\n\t\t\t\tEdital &#8211; Convoca\u00e7\u00e3o- Assembleia Geral Extraordin\u00e1ria &#8211; 06\/06\/2024\t\t\t<\/a>\n\t\t<\/h1>\n\t\t\t\t<div class=\"elementor-post__meta-data\">\n\t\t\t\t\t<span class=\"elementor-post-date\">\n\t\t\t31 de maio de 2024\t\t<\/span>\n\t\t\t\t<\/div>\n\t\t\n\t\t<a class=\"elementor-post__read-more\" href=\"https:\/\/sindetranpr.org.br\/?p=2053\" aria-label=\"Read more about Edital &#8211; Convoca\u00e7\u00e3o- Assembleia Geral Extraordin\u00e1ria &#8211; 06\/06\/2024\" tabindex=\"-1\" >\n\t\t\tLer Mais \u00bb\t\t<\/a>\n\n\t\t\t\t<\/div>\n\t\t\t\t<\/article>\n\t\t\t\t<article class=\"elementor-post elementor-grid-item post-2048 post type-post status-publish format-standard has-post-thumbnail hentry category-blog tag-luta tag-pl2160-23 tag-servidores tag-sindetran tag-sindicalismo tag-sindicato\">\n\t\t\t\t<a class=\"elementor-post__thumbnail__link\" href=\"https:\/\/sindetranpr.org.br\/?p=2048\" tabindex=\"-1\" >\n\t\t\t<div class=\"elementor-post__thumbnail\"><img decoding=\"async\" width=\"300\" height=\"112\" src=\"https:\/\/sindetranpr.org.br\/wp-content\/uploads\/2023\/06\/logo__sindetranpr-1-300x112.png\" class=\"attachment-medium size-medium wp-image-1522\" alt=\"\" \/><\/div>\n\t\t<\/a>\n\t\t\t\t<div class=\"elementor-post__text\">\n\t\t\t\t<h1 class=\"elementor-post__title\">\n\t\t\t<a href=\"https:\/\/sindetranpr.org.br\/?p=2048\" >\n\t\t\t\tLuta Sindical na ALEP\t\t\t<\/a>\n\t\t<\/h1>\n\t\t\t\t<div class=\"elementor-post__meta-data\">\n\t\t\t\t\t<span class=\"elementor-post-date\">\n\t\t\t2 de abril de 2024\t\t<\/span>\n\t\t\t\t<\/div>\n\t\t\n\t\t<a class=\"elementor-post__read-more\" href=\"https:\/\/sindetranpr.org.br\/?p=2048\" aria-label=\"Read more about Luta Sindical na ALEP\" tabindex=\"-1\" >\n\t\t\tLer Mais \u00bb\t\t<\/a>\n\n\t\t\t\t<\/div>\n\t\t\t\t<\/article>\n\t\t\t\t<article class=\"elementor-post elementor-grid-item post-1869 post type-post status-publish format-standard has-post-thumbnail hentry category-blog tag-agente tag-fetran tag-luta tag-pl2160-23 tag-servidores tag-sindetran tag-sindetran-pr tag-sindicalismo tag-sindicato tag-transito\">\n\t\t\t\t<a class=\"elementor-post__thumbnail__link\" href=\"https:\/\/sindetranpr.org.br\/?p=1869\" tabindex=\"-1\" >\n\t\t\t<div class=\"elementor-post__thumbnail\"><img decoding=\"async\" width=\"300\" height=\"110\" src=\"https:\/\/sindetranpr.org.br\/wp-content\/uploads\/2023\/06\/cropped-logo__sindetranpr-1-300x110.png\" class=\"attachment-medium size-medium wp-image-1556\" alt=\"\" srcset=\"https:\/\/sindetranpr.org.br\/wp-content\/uploads\/2023\/06\/cropped-logo__sindetranpr-1-300x110.png 300w, https:\/\/sindetranpr.org.br\/wp-content\/uploads\/2023\/06\/cropped-logo__sindetranpr-1-1024x375.png 1024w, https:\/\/sindetranpr.org.br\/wp-content\/uploads\/2023\/06\/cropped-logo__sindetranpr-1-768x281.png 768w, https:\/\/sindetranpr.org.br\/wp-content\/uploads\/2023\/06\/cropped-logo__sindetranpr-1-1536x562.png 1536w, https:\/\/sindetranpr.org.br\/wp-content\/uploads\/2023\/06\/cropped-logo__sindetranpr-1-120x44.png 120w, https:\/\/sindetranpr.org.br\/wp-content\/uploads\/2023\/06\/cropped-logo__sindetranpr-1.png 1621w\" sizes=\"(max-width: 300px) 100vw, 300px\" \/><\/div>\n\t\t<\/a>\n\t\t\t\t<div class=\"elementor-post__text\">\n\t\t\t\t<h1 class=\"elementor-post__title\">\n\t\t\t<a href=\"https:\/\/sindetranpr.org.br\/?p=1869\" >\n\t\t\t\tFETRAN: SOBRE O PL2160\/23\t\t\t<\/a>\n\t\t<\/h1>\n\t\t\t\t<div class=\"elementor-post__meta-data\">\n\t\t\t\t\t<span class=\"elementor-post-date\">\n\t\t\t21 de dezembro de 2023\t\t<\/span>\n\t\t\t\t<\/div>\n\t\t\n\t\t<a class=\"elementor-post__read-more\" href=\"https:\/\/sindetranpr.org.br\/?p=1869\" aria-label=\"Read more about FETRAN: SOBRE O PL2160\/23\" tabindex=\"-1\" >\n\t\t\tLer Mais \u00bb\t\t<\/a>\n\n\t\t\t\t<\/div>\n\t\t\t\t<\/article>\n\t\t\t\t<article class=\"elementor-post elementor-grid-item post-1866 post type-post status-publish format-standard has-post-thumbnail hentry category-blog tag-agente tag-detran tag-fetran tag-pl2160-23 tag-sindetran tag-transito\">\n\t\t\t\t<a class=\"elementor-post__thumbnail__link\" href=\"https:\/\/sindetranpr.org.br\/?p=1866\" tabindex=\"-1\" >\n\t\t\t<div class=\"elementor-post__thumbnail\"><img decoding=\"async\" width=\"300\" height=\"110\" src=\"https:\/\/sindetranpr.org.br\/wp-content\/uploads\/2023\/06\/cropped-logo__sindetranpr-1-300x110.png\" class=\"attachment-medium size-medium wp-image-1556\" alt=\"\" srcset=\"https:\/\/sindetranpr.org.br\/wp-content\/uploads\/2023\/06\/cropped-logo__sindetranpr-1-300x110.png 300w, https:\/\/sindetranpr.org.br\/wp-content\/uploads\/2023\/06\/cropped-logo__sindetranpr-1-1024x375.png 1024w, https:\/\/sindetranpr.org.br\/wp-content\/uploads\/2023\/06\/cropped-logo__sindetranpr-1-768x281.png 768w, https:\/\/sindetranpr.org.br\/wp-content\/uploads\/2023\/06\/cropped-logo__sindetranpr-1-1536x562.png 1536w, https:\/\/sindetranpr.org.br\/wp-content\/uploads\/2023\/06\/cropped-logo__sindetranpr-1-120x44.png 120w, https:\/\/sindetranpr.org.br\/wp-content\/uploads\/2023\/06\/cropped-logo__sindetranpr-1.png 1621w\" sizes=\"(max-width: 300px) 100vw, 300px\" \/><\/div>\n\t\t<\/a>\n\t\t\t\t<div class=\"elementor-post__text\">\n\t\t\t\t<h1 class=\"elementor-post__title\">\n\t\t\t<a href=\"https:\/\/sindetranpr.org.br\/?p=1866\" >\n\t\t\t\tTodos pelo PL2160\/23, para TODOS\t\t\t<\/a>\n\t\t<\/h1>\n\t\t\t\t<div class=\"elementor-post__meta-data\">\n\t\t\t\t\t<span class=\"elementor-post-date\">\n\t\t\t15 de dezembro de 2023\t\t<\/span>\n\t\t\t\t<\/div>\n\t\t\n\t\t<a class=\"elementor-post__read-more\" href=\"https:\/\/sindetranpr.org.br\/?p=1866\" aria-label=\"Read more about Todos pelo PL2160\/23, para TODOS\" tabindex=\"-1\" >\n\t\t\tLer Mais \u00bb\t\t<\/a>\n\n\t\t\t\t<\/div>\n\t\t\t\t<\/article>\n\t\t\t\t<\/div>\n\t\t\n\t\t\t\t<\/div>\n\t\t\t\t<\/div>\n\t\t\t\t\t<\/div>\n\t\t\t\t<\/div>\n\t\t\t\t<\/div>\n\t\t","protected":false},"excerpt":{"rendered":"<p>\u00daltimas Not\u00edcias<\/p>\n","protected":false},"author":1,"featured_media":0,"parent":0,"menu_order":0,"comment_status":"closed","ping_status":"closed","template":"elementor_header_footer","meta":{"om_disable_all_campaigns":false,"_monsterinsights_skip_tracking":false,"_monsterinsights_sitenote_active":false,"_monsterinsights_sitenote_note":"","_monsterinsights_sitenote_category":0,"_uf_show_specific_survey":0,"_uf_disable_surveys":false,"footnotes":""},"class_list":["post-2072","page","type-page","status-publish","hentry"],"aioseo_notices":[],"_links":{"self":[{"href":"https:\/\/sindetranpr.org.br\/index.php?rest_route=\/wp\/v2\/pages\/2072"}],"collection":[{"href":"https:\/\/sindetranpr.org.br\/index.php?rest_route=\/wp\/v2\/pages"}],"about":[{"href":"https:\/\/sindetranpr.org.br\/index.php?rest_route=\/wp\/v2\/types\/page"}],"author":[{"embeddable":true,"href":"https:\/\/sindetranpr.org.br\/index.php?rest_route=\/wp\/v2\/users\/1"}],"replies":[{"embeddable":true,"href":"https:\/\/sindetranpr.org.br\/index.php?rest_route=%2Fwp%2Fv2%2Fcomments&post=2072"}],"version-history":[{"count":4,"href":"https:\/\/sindetranpr.org.br\/index.php?rest_route=\/wp\/v2\/pages\/2072\/revisions"}],"predecessor-version":[{"id":2255,"href":"https:\/\/sindetranpr.org.br\/index.php?rest_route=\/wp\/v2\/pages\/2072\/revisions\/2255"}],"wp:attachment":[{"href":"https:\/\/sindetranpr.org.br\/index.php?rest_route=%2Fwp%2Fv2%2Fmedia&parent=2072"}],"curies":[{"name":"wp","href":"https:\/\/api.w.org\/{rel}","templated":true}]}}