{"id":2070,"date":"2024-06-29T00:41:07","date_gmt":"2024-06-29T03:41:07","guid":{"rendered":"https:\/\/sindetranpr.org.br\/?page_id=2070"},"modified":"2026-02-14T00:57:00","modified_gmt":"2026-02-14T03:57:00","slug":"pagina-inicial","status":"publish","type":"page","link":"https:\/\/sindetranpr.org.br\/","title":{"rendered":"P\u00e1gina Inicial"},"content":{"rendered":"\t\t<div data-elementor-type=\"wp-page\" data-elementor-id=\"2070\" class=\"elementor elementor-2070\" data-elementor-post-type=\"page\">\n\t\t\t\t<div class=\"elementor-element elementor-element-01faede e-con-full e-flex e-con e-parent\" data-id=\"01faede\" data-element_type=\"container\">\n\t\t<div class=\"elementor-element elementor-element-5f9c523 e-con-full e-flex e-con e-child\" data-id=\"5f9c523\" data-element_type=\"container\" data-settings=\"{&quot;background_background&quot;:&quot;gradient&quot;}\">\n\t\t\t\t<div class=\"elementor-element elementor-element-8e0d33f elementor-widget elementor-widget-heading\" data-id=\"8e0d33f\" data-element_type=\"widget\" data-widget_type=\"heading.default\">\n\t\t\t\t<div class=\"elementor-widget-container\">\n\t\t\t<style>\/*! elementor - v3.22.0 - 26-06-2024 *\/\n.elementor-heading-title{padding:0;margin:0;line-height:1}.elementor-widget-heading .elementor-heading-title[class*=elementor-size-]>a{color:inherit;font-size:inherit;line-height:inherit}.elementor-widget-heading .elementor-heading-title.elementor-size-small{font-size:15px}.elementor-widget-heading .elementor-heading-title.elementor-size-medium{font-size:19px}.elementor-widget-heading .elementor-heading-title.elementor-size-large{font-size:29px}.elementor-widget-heading .elementor-heading-title.elementor-size-xl{font-size:39px}.elementor-widget-heading .elementor-heading-title.elementor-size-xxl{font-size:59px}<\/style><h1 class=\"elementor-heading-title elementor-size-default\">Defendendo seus direitos, fortalecendo sua categoria<\/h1>\t\t<\/div>\n\t\t\t\t<\/div>\n\t\t\t\t<div class=\"elementor-element elementor-element-77a592d elementor-widget elementor-widget-text-editor\" data-id=\"77a592d\" data-element_type=\"widget\" data-widget_type=\"text-editor.default\">\n\t\t\t\t<div class=\"elementor-widget-container\">\n\t\t\t<style>\/*! elementor - v3.22.0 - 26-06-2024 *\/\n.elementor-widget-text-editor.elementor-drop-cap-view-stacked .elementor-drop-cap{background-color:#69727d;color:#fff}.elementor-widget-text-editor.elementor-drop-cap-view-framed .elementor-drop-cap{color:#69727d;border:3px solid;background-color:transparent}.elementor-widget-text-editor:not(.elementor-drop-cap-view-default) .elementor-drop-cap{margin-top:8px}.elementor-widget-text-editor:not(.elementor-drop-cap-view-default) .elementor-drop-cap-letter{width:1em;height:1em}.elementor-widget-text-editor .elementor-drop-cap{float:left;text-align:center;line-height:1;font-size:50px}.elementor-widget-text-editor .elementor-drop-cap-letter{display:inline-block}<\/style>\t\t\t\t<div><h2>O SINDETRAN \u00e9 o sindicato que luta pelos trabalhadores do \u00f3rg\u00e3o executivo de tr\u00e2nsito, garantindo melhores condi\u00e7\u00f5es de trabalho e conquistas para toda a categoria.<\/h2><\/div>\t\t\t\t\t\t<\/div>\n\t\t\t\t<\/div>\n\t\t\t\t<div class=\"elementor-element elementor-element-a7f796e elementor-align-center elementor-widget elementor-widget-button\" data-id=\"a7f796e\" data-element_type=\"widget\" data-widget_type=\"button.default\">\n\t\t\t\t<div class=\"elementor-widget-container\">\n\t\t\t\t\t<div class=\"elementor-button-wrapper\">\n\t\t\t<a class=\"elementor-button elementor-button-link elementor-size-sm\" href=\"#\">\n\t\t\t\t\t\t<span class=\"elementor-button-content-wrapper\">\n\t\t\t\t\t\t\t\t\t<span class=\"elementor-button-text\">Filie-se Agora<\/span>\n\t\t\t\t\t<\/span>\n\t\t\t\t\t<\/a>\n\t\t<\/div>\n\t\t\t\t<\/div>\n\t\t\t\t<\/div>\n\t\t\t\t<\/div>\n\t\t\t\t<\/div>\n\t\t<div class=\"elementor-element elementor-element-247e229 e-flex e-con-boxed e-con e-parent\" data-id=\"247e229\" data-element_type=\"container\" data-settings=\"{&quot;background_background&quot;:&quot;classic&quot;}\">\n\t\t\t\t\t<div class=\"e-con-inner\">\n\t\t\t\t<div class=\"elementor-element elementor-element-d7cc1df elementor-widget elementor-widget-heading\" data-id=\"d7cc1df\" data-element_type=\"widget\" data-widget_type=\"heading.default\">\n\t\t\t\t<div class=\"elementor-widget-container\">\n\t\t\t<h2 class=\"elementor-heading-title elementor-size-default\">Benef\u00edcios para Filiados<\/h2>\t\t<\/div>\n\t\t\t\t<\/div>\n\t\t\t\t<div class=\"elementor-element elementor-element-2108f70 elementor-widget elementor-widget-text-editor\" data-id=\"2108f70\" data-element_type=\"widget\" data-widget_type=\"text-editor.default\">\n\t\t\t\t<div class=\"elementor-widget-container\">\n\t\t\t\t\t\t\t<div><div>Vantagens exclusivas para quem faz parte do SINDETRAN<\/div><\/div>\t\t\t\t\t\t<\/div>\n\t\t\t\t<\/div>\n\t\t\t\t\t<\/div>\n\t\t\t\t<\/div>\n\t\t<div class=\"elementor-element elementor-element-338c9ef e-flex e-con-boxed e-con e-parent\" data-id=\"338c9ef\" data-element_type=\"container\">\n\t\t\t\t\t<div class=\"e-con-inner\">\n\t\t<div class=\"elementor-element elementor-element-90ef6ef e-con-full e-flex e-con e-child\" data-id=\"90ef6ef\" data-element_type=\"container\">\n\t\t\t\t<div class=\"elementor-element elementor-element-77a4412 elementor-view-default elementor-position-top elementor-mobile-position-top elementor-widget elementor-widget-icon-box\" data-id=\"77a4412\" data-element_type=\"widget\" data-widget_type=\"icon-box.default\">\n\t\t\t\t<div class=\"elementor-widget-container\">\n\t\t\t<link rel=\"stylesheet\" href=\"https:\/\/sindetranpr.org.br\/wp-content\/plugins\/elementor\/assets\/css\/widget-icon-box.min.css\">\t\t<div class=\"elementor-icon-box-wrapper\">\n\n\t\t\t\t\t\t<div class=\"elementor-icon-box-icon\">\n\t\t\t\t<span  class=\"elementor-icon elementor-animation-\">\n\t\t\t\t<svg aria-hidden=\"true\" class=\"e-font-icon-svg e-fas-balance-scale\" viewBox=\"0 0 640 512\" xmlns=\"http:\/\/www.w3.org\/2000\/svg\"><path d=\"M256 336h-.02c0-16.18 1.34-8.73-85.05-181.51-17.65-35.29-68.19-35.36-85.87 0C-2.06 328.75.02 320.33.02 336H0c0 44.18 57.31 80 128 80s128-35.82 128-80zM128 176l72 144H56l72-144zm511.98 160c0-16.18 1.34-8.73-85.05-181.51-17.65-35.29-68.19-35.36-85.87 0-87.12 174.26-85.04 165.84-85.04 181.51H384c0 44.18 57.31 80 128 80s128-35.82 128-80h-.02zM440 320l72-144 72 144H440zm88 128H352V153.25c23.51-10.29 41.16-31.48 46.39-57.25H528c8.84 0 16-7.16 16-16V48c0-8.84-7.16-16-16-16H383.64C369.04 12.68 346.09 0 320 0s-49.04 12.68-63.64 32H112c-8.84 0-16 7.16-16 16v32c0 8.84 7.16 16 16 16h129.61c5.23 25.76 22.87 46.96 46.39 57.25V448H112c-8.84 0-16 7.16-16 16v32c0 8.84 7.16 16 16 16h416c8.84 0 16-7.16 16-16v-32c0-8.84-7.16-16-16-16z\"><\/path><\/svg>\t\t\t\t<\/span>\n\t\t\t<\/div>\n\t\t\t\n\t\t\t\t\t\t<div class=\"elementor-icon-box-content\">\n\n\t\t\t\t\t\t\t\t\t<h3 class=\"elementor-icon-box-title\">\n\t\t\t\t\t\t<span  >\n\t\t\t\t\t\t\tAssessoria Jur\u00eddica\t\t\t\t\t\t<\/span>\n\t\t\t\t\t<\/h3>\n\t\t\t\t\n\t\t\t\t\t\t\t\t\t<p class=\"elementor-icon-box-description\">\n\t\t\t\t\t\tAssist\u00eancia jur\u00eddica completa para quest\u00f5es trabalhistas e previdenci\u00e1rias sem custo adicional.\t\t\t\t\t<\/p>\n\t\t\t\t\n\t\t\t<\/div>\n\t\t\t\n\t\t<\/div>\n\t\t\t\t<\/div>\n\t\t\t\t<\/div>\n\t\t\t\t<\/div>\n\t\t<div class=\"elementor-element elementor-element-50b2d3e e-con-full e-flex e-con e-child\" data-id=\"50b2d3e\" data-element_type=\"container\">\n\t\t\t\t<div class=\"elementor-element elementor-element-7507817 elementor-view-default elementor-position-top elementor-mobile-position-top elementor-widget elementor-widget-icon-box\" data-id=\"7507817\" data-element_type=\"widget\" data-widget_type=\"icon-box.default\">\n\t\t\t\t<div class=\"elementor-widget-container\">\n\t\t\t\t\t<div class=\"elementor-icon-box-wrapper\">\n\n\t\t\t\t\t\t<div class=\"elementor-icon-box-icon\">\n\t\t\t\t<span  class=\"elementor-icon elementor-animation-\">\n\t\t\t\t<svg aria-hidden=\"true\" class=\"e-font-icon-svg e-fas-briefcase\" viewBox=\"0 0 512 512\" xmlns=\"http:\/\/www.w3.org\/2000\/svg\"><path d=\"M320 336c0 8.84-7.16 16-16 16h-96c-8.84 0-16-7.16-16-16v-48H0v144c0 25.6 22.4 48 48 48h416c25.6 0 48-22.4 48-48V288H320v48zm144-208h-80V80c0-25.6-22.4-48-48-48H176c-25.6 0-48 22.4-48 48v48H48c-25.6 0-48 22.4-48 48v80h512v-80c0-25.6-22.4-48-48-48zm-144 0H192V96h128v32z\"><\/path><\/svg>\t\t\t\t<\/span>\n\t\t\t<\/div>\n\t\t\t\n\t\t\t\t\t\t<div class=\"elementor-icon-box-content\">\n\n\t\t\t\t\t\t\t\t\t<h3 class=\"elementor-icon-box-title\">\n\t\t\t\t\t\t<span  >\n\t\t\t\t\t\t\tNegocia\u00e7\u00f5es Coletivas\t\t\t\t\t\t<\/span>\n\t\t\t\t\t<\/h3>\n\t\t\t\t\n\t\t\t\t\t\t\t\t\t<p class=\"elementor-icon-box-description\">\n\t\t\t\t\t\tRepresenta\u00e7\u00e3o nas negocia\u00e7\u00f5es por melhores sal\u00e1rios e condi\u00e7\u00f5es de trabalho.\t\t\t\t\t<\/p>\n\t\t\t\t\n\t\t\t<\/div>\n\t\t\t\n\t\t<\/div>\n\t\t\t\t<\/div>\n\t\t\t\t<\/div>\n\t\t\t\t<\/div>\n\t\t\t\t\t<\/div>\n\t\t\t\t<\/div>\n\t\t<div class=\"elementor-element elementor-element-56d6aee e-flex e-con-boxed e-con e-parent\" data-id=\"56d6aee\" data-element_type=\"container\" data-settings=\"{&quot;background_background&quot;:&quot;classic&quot;}\">\n\t\t\t\t\t<div class=\"e-con-inner\">\n\t\t\t\t<div class=\"elementor-element elementor-element-2c244c9 elementor-widget elementor-widget-heading\" data-id=\"2c244c9\" data-element_type=\"widget\" data-widget_type=\"heading.default\">\n\t\t\t\t<div class=\"elementor-widget-container\">\n\t\t\t<h2 class=\"elementor-heading-title elementor-size-default\">\u00daltimas Not\u00edcias<\/h2>\t\t<\/div>\n\t\t\t\t<\/div>\n\t\t\t\t<div class=\"elementor-element elementor-element-9c9ed38 elementor-widget elementor-widget-text-editor\" data-id=\"9c9ed38\" data-element_type=\"widget\" data-widget_type=\"text-editor.default\">\n\t\t\t\t<div class=\"elementor-widget-container\">\n\t\t\t\t\t\t\t<div><div>Fique por dentro das novidades e conquistas da categoria!<\/div><\/div>\t\t\t\t\t\t<\/div>\n\t\t\t\t<\/div>\n\t\t\t\t\t<\/div>\n\t\t\t\t<\/div>\n\t\t<div class=\"elementor-element elementor-element-29e2d32 e-flex e-con-boxed e-con e-parent\" data-id=\"29e2d32\" data-element_type=\"container\" data-settings=\"{&quot;background_background&quot;:&quot;classic&quot;}\">\n\t\t\t\t\t<div class=\"e-con-inner\">\n\t\t\t\t<div class=\"elementor-element elementor-element-c114f52 elementor-widget elementor-widget-prime-slider-fiestar\" data-id=\"c114f52\" data-element_type=\"widget\" data-widget_type=\"prime-slider-fiestar.default\">\n\t\t\t\t<div class=\"elementor-widget-container\">\n\t\t\t        <div class=\"bdt-prime-slider\">\n            <div id=\"bdt-prime-slider-c114f52\" class=\"bdt-fiestar-slider elementor-swiper\" data-settings=\"{&quot;autoplay&quot;:{&quot;delay&quot;:5000},&quot;loop&quot;:true,&quot;speed&quot;:900,&quot;slidesPerView&quot;:1,&quot;slidesPerGroup&quot;:1,&quot;centeredSlides&quot;:true,&quot;effect&quot;:&quot;slide&quot;,&quot;parallax&quot;:true,&quot;breakpoints&quot;:{&quot;767&quot;:{&quot;slidesPerView&quot;:3,&quot;spaceBetween&quot;:20,&quot;slidesPerGroup&quot;:1},&quot;1023&quot;:{&quot;slidesPerView&quot;:3,&quot;spaceBetween&quot;:20,&quot;slidesPerGroup&quot;:1}},&quot;navigation&quot;:{&quot;nextEl&quot;:&quot;#bdt-prime-slider-c114f52 .bdt-navigation-next&quot;,&quot;prevEl&quot;:&quot;#bdt-prime-slider-c114f52 .bdt-navigation-prev&quot;},&quot;lazy&quot;:{&quot;loadPrevNext&quot;:&quot;true&quot;}}\">\n                <div class=\"bdt-center-slider\">\n                    <div class=\"swiper-wrapper\">\n                            <div class=\"bdt-item swiper-slide\">\n            <div class=\"bdt-img-wrap\">\n                <img decoding=\"async\" src=\"https:\/\/sindetranpr.org.br\/wp-content\/plugins\/elementor\/assets\/images\/placeholder.png\" alt=\"Regimento Eleitoral &#8211; 2025\" class=\"bdt-img swiper-lazy\">            <\/div>\n            <div class=\"bdt-content\">\n                        <div class=\"bdt-category\" data-reveal=\"reveal-active\">\n            <a href=\"https:\/\/sindetranpr.org.br\/?cat=1\" rel=\"category\">Blog<\/a>        <\/div>\n                        <h3 class=\"bdt-title\" data-reveal=\"reveal-active\">\n                <a href=\"https:\/\/sindetranpr.org.br\/?p=2294\" title=\"Regimento Eleitoral &#8211; 2025\">\n                    Regimento Eleitoral &#8211; 2025\n                <\/a>\n            <\/h3>            <\/div>\n                    <\/div>\n                <div class=\"bdt-item swiper-slide\">\n            <div class=\"bdt-img-wrap\">\n                <img decoding=\"async\" src=\"https:\/\/sindetranpr.org.br\/wp-content\/plugins\/elementor\/assets\/images\/placeholder.png\" alt=\"Comiss\u00e3o Eleitoral &#8211; 2025\" class=\"bdt-img swiper-lazy\">            <\/div>\n            <div class=\"bdt-content\">\n                        <div class=\"bdt-category\" data-reveal=\"reveal-active\">\n            <a href=\"https:\/\/sindetranpr.org.br\/?cat=1\" rel=\"category\">Blog<\/a>        <\/div>\n                        <h3 class=\"bdt-title\" data-reveal=\"reveal-active\">\n                <a href=\"https:\/\/sindetranpr.org.br\/?p=2291\" title=\"Comiss\u00e3o Eleitoral &#8211; 2025\">\n                    Comiss\u00e3o Eleitoral &#8211; 2025\n                <\/a>\n            <\/h3>            <\/div>\n                    <\/div>\n                <div class=\"bdt-item swiper-slide\">\n            <div class=\"bdt-img-wrap\">\n                <img decoding=\"async\" src=\"https:\/\/sindetranpr.org.br\/wp-content\/plugins\/elementor\/assets\/images\/placeholder.png\" alt=\"Retifica\u00e7\u00e3o &#8211;  Edital de Convoca\u00e7\u00e3o &#8211; Elei\u00e7\u00e3o 2025\" class=\"bdt-img swiper-lazy\">            <\/div>\n            <div class=\"bdt-content\">\n                        <div class=\"bdt-category\" data-reveal=\"reveal-active\">\n            <a href=\"https:\/\/sindetranpr.org.br\/?cat=1\" rel=\"category\">Blog<\/a>        <\/div>\n                        <h3 class=\"bdt-title\" data-reveal=\"reveal-active\">\n                <a href=\"https:\/\/sindetranpr.org.br\/?p=2288\" title=\"Retifica\u00e7\u00e3o &#8211;  Edital de Convoca\u00e7\u00e3o &#8211; Elei\u00e7\u00e3o 2025\">\n                    Retifica\u00e7\u00e3o &#8211;  Edital de Convoca\u00e7\u00e3o &#8211; Elei\u00e7\u00e3o 2025\n                <\/a>\n            <\/h3>            <\/div>\n                    <\/div>\n                <div class=\"bdt-item swiper-slide\">\n            <div class=\"bdt-img-wrap\">\n                <img decoding=\"async\" src=\"https:\/\/sindetranpr.org.br\/wp-content\/plugins\/elementor\/assets\/images\/placeholder.png\" alt=\"Edital de Convoca\u00e7\u00e3o &#8211; Elei\u00e7\u00e3o 2025\" class=\"bdt-img swiper-lazy\">            <\/div>\n            <div class=\"bdt-content\">\n                        <div class=\"bdt-category\" data-reveal=\"reveal-active\">\n            <a href=\"https:\/\/sindetranpr.org.br\/?cat=1\" rel=\"category\">Blog<\/a>        <\/div>\n                        <h3 class=\"bdt-title\" data-reveal=\"reveal-active\">\n                <a href=\"https:\/\/sindetranpr.org.br\/?p=2285\" title=\"Edital de Convoca\u00e7\u00e3o &#8211; Elei\u00e7\u00e3o 2025\">\n                    Edital de Convoca\u00e7\u00e3o &#8211; Elei\u00e7\u00e3o 2025\n                <\/a>\n            <\/h3>            <\/div>\n                    <\/div>\n                <div class=\"bdt-item swiper-slide\">\n            <div class=\"bdt-img-wrap\">\n                <img decoding=\"async\" src=\"https:\/\/sindetranpr.org.br\/wp-content\/plugins\/elementor\/assets\/images\/placeholder.png\" alt=\"Inscri\u00e7\u00e3o para curso da JADE x SINDICATO\" class=\"bdt-img swiper-lazy\">            <\/div>\n            <div class=\"bdt-content\">\n                        <div class=\"bdt-category\" data-reveal=\"reveal-active\">\n            <a href=\"https:\/\/sindetranpr.org.br\/?cat=1\" rel=\"category\">Blog<\/a>        <\/div>\n                        <h3 class=\"bdt-title\" data-reveal=\"reveal-active\">\n                <a href=\"https:\/\/sindetranpr.org.br\/?p=2273\" title=\"Inscri\u00e7\u00e3o para curso da JADE x SINDICATO\">\n                    Inscri\u00e7\u00e3o para curso da JADE x SINDICATO\n                <\/a>\n            <\/h3>            <\/div>\n                    <\/div>\n                            <\/div>\n\n                                        <div class=\"bdt-navigation-wrap reveal-muted\">\n                        <div class=\"bdt-navigation-prev\">\n                            <i class=\"ps-wi-arrow-left-8\"><\/i>\n                        <\/div>\n                        <div class=\"bdt-navigation-next\">\n                            <i class=\"ps-wi-arrow-right-8\"><\/i>\n                        <\/div>\n                    <\/div>\n                    \n                <\/div>\n            <\/div>\n        <\/div>\n        \t\t<\/div>\n\t\t\t\t<\/div>\n\t\t\t\t\t<\/div>\n\t\t\t\t<\/div>\n\t\t<div class=\"elementor-element elementor-element-55e9dbe e-con-full e-flex e-con e-parent\" data-id=\"55e9dbe\" data-element_type=\"container\" data-settings=\"{&quot;background_background&quot;:&quot;gradient&quot;}\">\n\t\t\t\t<div class=\"elementor-element elementor-element-81070a8 elementor-widget elementor-widget-heading\" data-id=\"81070a8\" data-element_type=\"widget\" data-widget_type=\"heading.default\">\n\t\t\t\t<div class=\"elementor-widget-container\">\n\t\t\t<h2 class=\"elementor-heading-title elementor-size-default\">Fa\u00e7a Parte da Nossa Luta<\/h2>\t\t<\/div>\n\t\t\t\t<\/div>\n\t\t\t\t<div class=\"elementor-element elementor-element-e90c96e elementor-widget elementor-widget-text-editor\" data-id=\"e90c96e\" data-element_type=\"widget\" data-widget_type=\"text-editor.default\">\n\t\t\t\t<div class=\"elementor-widget-container\">\n\t\t\t\t\t\t\t<div><div>Junte-se a milhares de trabalhadores que confiam no SINDETRAN<\/div><\/div>\t\t\t\t\t\t<\/div>\n\t\t\t\t<\/div>\n\t\t\t\t<div class=\"elementor-element elementor-element-b3ef6b8 elementor-align-center elementor-widget elementor-widget-button\" data-id=\"b3ef6b8\" data-element_type=\"widget\" data-widget_type=\"button.default\">\n\t\t\t\t<div class=\"elementor-widget-container\">\n\t\t\t\t\t<div class=\"elementor-button-wrapper\">\n\t\t\t<a class=\"elementor-button elementor-button-link elementor-size-sm\" href=\"#\">\n\t\t\t\t\t\t<span class=\"elementor-button-content-wrapper\">\n\t\t\t\t\t\t\t\t\t<span class=\"elementor-button-text\">Filie-se Gratuitamente<\/span>\n\t\t\t\t\t<\/span>\n\t\t\t\t\t<\/a>\n\t\t<\/div>\n\t\t\t\t<\/div>\n\t\t\t\t<\/div>\n\t\t\t\t<\/div>\n\t\t\t\t<\/div>\n\t\t","protected":false},"excerpt":{"rendered":"<p>Defendendo seus direitos, fortalecendo sua categoria O SINDETRAN \u00e9 o sindicato que luta pelos trabalhadores do \u00f3rg\u00e3o executivo de tr\u00e2nsito, garantindo melhores condi\u00e7\u00f5es de trabalho e conquistas para toda a categoria. Filie-se Agora Benef\u00edcios para Filiados Vantagens exclusivas para quem faz parte do SINDETRAN Assessoria Jur\u00eddica Assist\u00eancia jur\u00eddica completa para quest\u00f5es trabalhistas e previdenci\u00e1rias sem [&hellip;]<\/p>\n","protected":false},"author":1,"featured_media":0,"parent":0,"menu_order":0,"comment_status":"closed","ping_status":"closed","template":"elementor_header_footer","meta":{"om_disable_all_campaigns":false,"_monsterinsights_skip_tracking":false,"_monsterinsights_sitenote_active":false,"_monsterinsights_sitenote_note":"","_monsterinsights_sitenote_category":0,"_uf_show_specific_survey":0,"_uf_disable_surveys":false,"footnotes":""},"class_list":["post-2070","page","type-page","status-publish","hentry"],"aioseo_notices":[],"_links":{"self":[{"href":"https:\/\/sindetranpr.org.br\/index.php?rest_route=\/wp\/v2\/pages\/2070"}],"collection":[{"href":"https:\/\/sindetranpr.org.br\/index.php?rest_route=\/wp\/v2\/pages"}],"about":[{"href":"https:\/\/sindetranpr.org.br\/index.php?rest_route=\/wp\/v2\/types\/page"}],"author":[{"embeddable":true,"href":"https:\/\/sindetranpr.org.br\/index.php?rest_route=\/wp\/v2\/users\/1"}],"replies":[{"embeddable":true,"href":"https:\/\/sindetranpr.org.br\/index.php?rest_route=%2Fwp%2Fv2%2Fcomments&post=2070"}],"version-history":[{"count":97,"href":"https:\/\/sindetranpr.org.br\/index.php?rest_route=\/wp\/v2\/pages\/2070\/revisions"}],"predecessor-version":[{"id":2355,"href":"https:\/\/sindetranpr.org.br\/index.php?rest_route=\/wp\/v2\/pages\/2070\/revisions\/2355"}],"wp:attachment":[{"href":"https:\/\/sindetranpr.org.br\/index.php?rest_route=%2Fwp%2Fv2%2Fmedia&parent=2070"}],"curies":[{"name":"wp","href":"https:\/\/api.w.org\/{rel}","templated":true}]}}